{"id":1276,"date":"2016-08-25T18:10:27","date_gmt":"2016-08-25T18:10:27","guid":{"rendered":"http:\/\/clarapacquet.com\/?page_id=1276"},"modified":"2025-07-17T15:06:50","modified_gmt":"2025-07-17T15:06:50","slug":"about-3","status":"publish","type":"page","link":"http:\/\/clarapacquet.com\/?page_id=1276&lang=de","title":{"rendered":"About"},"content":{"rendered":"<p data-start=\"171\" data-end=\"620\"><strong data-start=\"171\" data-end=\"188\">Dr. Clara Pacquet<\/strong> ist Forscherin und Dozentin f\u00fcr Kunstgeschichte und -theorie an der \u00c9cole sup\u00e9rieure d\u2019art Pays Basque (ESAPB), wo sie au\u00dferdem die Funktion der Leiterin f\u00fcr Forschung innehat. In dieser Rolle entwickelt sie Forschungsstrukturen im Bereich der Kunst, begleitet kollektive Initiativen von Lehrenden und K\u00fcnstler:innen-Forscher:innen und sorgt f\u00fcr eine enge Verbindung zwischen Lehre, k\u00fcnstlerischer Praxis und Wissensproduktion.<\/p>\n<p data-start=\"622\" data-end=\"1001\">Als Autorin und Kunstkritikerin arbeitet sie regelm\u00e4\u00dfig mit Zeitschriften, Magazinen, Galerien und K\u00fcnstler:innen zusammen. Sie ist promovierte Philosophin mit Schwerpunkt \u00c4sthetik. <a href=\"https:\/\/www.lespressesdureel.com\/ouvrage.php?id=5513&amp;menu=0\" target=\"_blank\" rel=\"noopener\">Ihre Dissertation<\/a> widmete sie dem Denken von Karl Philipp Moritz, einem zentralen Autor an der Schnittstelle von Philosophie, Psychologie und Kunsttheorie im ausgehenden 18. Jahrhundert. Ihre Herangehensweise versteht sich im Sinne einer Tradition, die die urspr\u00fcngliche \u201eUnreinheit\u201c der Disziplin anerkennt \u2013 im Spannungsfeld zwischen Theorie, Kunstgeschichte, Kritik und Literatur.<\/p>\n<p data-start=\"1003\" data-end=\"1438\">Bevor sie an die ESAPB kam, war Clara Pacquet als Forscherin in mehreren deutsch-franz\u00f6sischen akademischen Projekten t\u00e4tig, die an der Schnittstelle von Philosophie und Kunstgeschichte angesiedelt waren. Ihr historischer Fokus reicht von der Aufkl\u00e4rung bis in die Gegenwart (Centre Marc Bloch, Berlin; ERC-Projekt am Deutschen Forum f\u00fcr Kunstgeschichte, Paris; Staatliche Akademie der Bildenden K\u00fcnste, Stuttgart; Universit\u00e4t Z\u00fcrich).<\/p>\n<p data-start=\"1440\" data-end=\"1956\">Zwischen 2020 und 2023 leitete sie an der ESAPB die Konzeption eines neuen Masterstudiengangs (DNSEP \u2013 Dipl\u00f4me National Sup\u00e9rieur d\u2019Expression Plastique, Master-Niveau). Dieser wurde im September 2024 eingef\u00fchrt und zeichnet sich durch eine starke regionale Verankerung aus, verbunden mit einer dezidiert grenz\u00fcberschreitenden und internationalen Ausrichtung. Jedes Jahr werden zahlreiche externe Akteur:innen \u2013 K\u00fcnstler:innen, Theoretiker:innen, Kurator:innen usw. \u2013 eingeladen, an der Lehre der Schule mitzuwirken.<\/p>\n<p data-start=\"1958\" data-end=\"2096\">Diese Website versammelt in Form eines chronologisch geordneten Bildarchivs eine Auswahl ihrer T\u00e4tigkeiten \u2013 vor allem Ver\u00f6ffentlichungen.<\/p>\n<p>Lebenslauf\u00a0<a href=\"http:\/\/clarapacquet.com\/?page_id=2031&amp;lang=de\">hier<\/a>.<\/p>\n<div id=\"attachment_1216\" style=\"width: 960px\" class=\"wp-caption alignnone\"><img loading=\"lazy\" decoding=\"async\" aria-describedby=\"caption-attachment-1216\" data-attachment-id=\"1216\" data-permalink=\"http:\/\/clarapacquet.com\/?attachment_id=1216\" data-orig-file=\"http:\/\/clarapacquet.com\/wp-content\/uploads\/2016\/08\/clara-e1495882849304.jpg\" data-orig-size=\"600,423\" data-comments-opened=\"0\" data-image-meta=\"{&quot;aperture&quot;:&quot;0&quot;,&quot;credit&quot;:&quot;&quot;,&quot;camera&quot;:&quot;&quot;,&quot;caption&quot;:&quot;&quot;,&quot;created_timestamp&quot;:&quot;0&quot;,&quot;copyright&quot;:&quot;&quot;,&quot;focal_length&quot;:&quot;0&quot;,&quot;iso&quot;:&quot;0&quot;,&quot;shutter_speed&quot;:&quot;0&quot;,&quot;title&quot;:&quot;&quot;,&quot;orientation&quot;:&quot;0&quot;}\" data-image-title=\"clara\" data-image-description=\"\" data-image-caption=\"&lt;p&gt;\u00a9 Clara Burns, 2014&lt;\/p&gt;\n\" data-medium-file=\"http:\/\/clarapacquet.com\/wp-content\/uploads\/2016\/08\/clara-300x211.jpg\" data-large-file=\"http:\/\/clarapacquet.com\/wp-content\/uploads\/2016\/08\/clara-e1495882849304.jpg\" class=\"size-full wp-image-1216\" src=\"http:\/\/clarapacquet.com\/wp-content\/uploads\/2016\/08\/clara.jpg\" alt=\"\u00a9 Clara Burns, 2014\" width=\"950\" height=\"669\" \/><p id=\"caption-attachment-1216\" class=\"wp-caption-text\">\u00a9 Clara Burns, 2014.<\/p><\/div>\n","protected":false},"excerpt":{"rendered":"<p>Dr. Clara Pacquet ist Forscherin und Dozentin f\u00fcr Kunstgeschichte und -theorie an der \u00c9cole sup\u00e9rieure d\u2019art Pays Basque (ESAPB), wo sie au\u00dferdem die Funktion der Leiterin f\u00fcr Forschung innehat. In&hellip;<\/p>\n","protected":false},"author":1,"featured_media":0,"parent":0,"menu_order":0,"comment_status":"closed","ping_status":"closed","template":"","meta":{"jetpack_post_was_ever_published":false,"footnotes":""},"class_list":["post-1276","page","type-page","status-publish","hentry"],"jetpack_sharing_enabled":false,"jetpack_shortlink":"https:\/\/wp.me\/P7PUdz-kA","jetpack-related-posts":[],"_links":{"self":[{"href":"http:\/\/clarapacquet.com\/index.php?rest_route=\/wp\/v2\/pages\/1276","targetHints":{"allow":["GET"]}}],"collection":[{"href":"http:\/\/clarapacquet.com\/index.php?rest_route=\/wp\/v2\/pages"}],"about":[{"href":"http:\/\/clarapacquet.com\/index.php?rest_route=\/wp\/v2\/types\/page"}],"author":[{"embeddable":true,"href":"http:\/\/clarapacquet.com\/index.php?rest_route=\/wp\/v2\/users\/1"}],"replies":[{"embeddable":true,"href":"http:\/\/clarapacquet.com\/index.php?rest_route=%2Fwp%2Fv2%2Fcomments&post=1276"}],"version-history":[{"count":24,"href":"http:\/\/clarapacquet.com\/index.php?rest_route=\/wp\/v2\/pages\/1276\/revisions"}],"predecessor-version":[{"id":5267,"href":"http:\/\/clarapacquet.com\/index.php?rest_route=\/wp\/v2\/pages\/1276\/revisions\/5267"}],"wp:attachment":[{"href":"http:\/\/clarapacquet.com\/index.php?rest_route=%2Fwp%2Fv2%2Fmedia&parent=1276"}],"curies":[{"name":"wp","href":"https:\/\/api.w.org\/{rel}","templated":true}]}}